{"id":1670,"date":"2024-02-21T08:52:11","date_gmt":"2024-02-21T08:52:11","guid":{"rendered":"https:\/\/pfetech.com\/aqara\/?post_type=product&#038;p=1670"},"modified":"2025-07-15T02:37:52","modified_gmt":"2025-07-15T02:37:52","slug":"aqara-magicpad-s1-plus","status":"publish","type":"product","link":"https:\/\/pfetech.com\/aqara\/product\/aqara-magicpad-s1-plus\/","title":{"rendered":"Aqara MagicPad S1 Plus"},"content":{"rendered":"\n<p>The Aqara MagicPad S1 Plus is a revolutionizes full screen three key neutral wall switch and a smart home control. It is based on a standard single 86 box for easy and quick replacement installation, support quick replacement of themes, and touchscreen control of devices and scenes.<\/p>\n\n\n\n<ul class=\"wp-block-list\">\n<li><strong>Support Personalized Themes<\/strong>: The versatile theme brings enough visual enjoyment. Users can switch themes on the screen and choose their preferred theme style.<\/li>\n\n\n\n<li><strong>Standard Double 86 Box Size:&nbsp;<\/strong>Convenient to match various usage scenarios Appropriate size makes your smart home more beautiful.<\/li>\n\n\n\n<li><strong>Smart Albums:&nbsp;<\/strong>Upload photos through a mobile app, which can be used as standby or wallpaper.<\/li>\n\n\n\n<li><strong>Three Key Switch:&nbsp;<\/strong>The device comes with 3 switches and 6 wireless switches.<\/li>\n\n\n\n<li><strong>MARS Technology:&nbsp;<\/strong>Mars technology solves the problem of incompatibility between smart switches and smart lights in the industry, and controls smart lighting more stably, linked intelligent lights and bid farewell to offline troubles.<\/li>\n\n\n\n<li><strong>HomeKit Support:&nbsp;<\/strong>By associating HomeKit scenes\/devices with wireless switches, other third-party HomeKit accessories can be easily controlled on the screen.<\/li>\n\n\n\n<li><strong>Dual Speaker:\u00a0<\/strong>High fidelity wall stereo. Ultra thin and excellent sound. Professional interpretation of high-quality acoustic systems.<\/li>\n<\/ul>\n\n\n\n<figure class=\"wp-block-image alignwide size-full\"><img decoding=\"async\" width=\"1080\" height=\"1080\" data-src=\"https:\/\/pfetech.com\/aqara\/wp-content\/uploads\/2024\/02\/Websites-.png\" alt=\"Aqara MagicPad S1 Plus\" class=\"wp-image-1675 lazyload\" data-srcset=\"https:\/\/pfetech.com\/aqara\/wp-content\/uploads\/2024\/02\/Websites-.png 1080w, https:\/\/pfetech.com\/aqara\/wp-content\/uploads\/2024\/02\/Websites--300x300.png 300w, https:\/\/pfetech.com\/aqara\/wp-content\/uploads\/2024\/02\/Websites--1024x1024.png 1024w, https:\/\/pfetech.com\/aqara\/wp-content\/uploads\/2024\/02\/Websites--150x150.png 150w, https:\/\/pfetech.com\/aqara\/wp-content\/uploads\/2024\/02\/Websites--768x768.png 768w, https:\/\/pfetech.com\/aqara\/wp-content\/uploads\/2024\/02\/Websites--600x600.png 600w, https:\/\/pfetech.com\/aqara\/wp-content\/uploads\/2024\/02\/Websites--100x100.png 100w\" data-sizes=\"(max-width: 1080px) 100vw, 1080px\" src=\"data:image\/svg+xml;base64,PHN2ZyB3aWR0aD0iMSIgaGVpZ2h0PSIxIiB4bWxucz0iaHR0cDovL3d3dy53My5vcmcvMjAwMC9zdmciPjwvc3ZnPg==\" style=\"--smush-placeholder-width: 1080px; --smush-placeholder-aspect-ratio: 1080\/1080;\" \/><\/figure>\n\n\n\n<figure class=\"wp-block-image alignwide size-full\"><img decoding=\"async\" width=\"1080\" height=\"1080\" data-src=\"https:\/\/pfetech.com\/aqara\/wp-content\/uploads\/2024\/02\/8-1.png\" alt=\"Aqara MagicPad S1 Plus\" class=\"wp-image-1677 lazyload\" data-srcset=\"https:\/\/pfetech.com\/aqara\/wp-content\/uploads\/2024\/02\/8-1.png 1080w, https:\/\/pfetech.com\/aqara\/wp-content\/uploads\/2024\/02\/8-1-300x300.png 300w, https:\/\/pfetech.com\/aqara\/wp-content\/uploads\/2024\/02\/8-1-1024x1024.png 1024w, https:\/\/pfetech.com\/aqara\/wp-content\/uploads\/2024\/02\/8-1-150x150.png 150w, https:\/\/pfetech.com\/aqara\/wp-content\/uploads\/2024\/02\/8-1-768x768.png 768w, https:\/\/pfetech.com\/aqara\/wp-content\/uploads\/2024\/02\/8-1-600x600.png 600w, https:\/\/pfetech.com\/aqara\/wp-content\/uploads\/2024\/02\/8-1-100x100.png 100w\" data-sizes=\"(max-width: 1080px) 100vw, 1080px\" src=\"data:image\/svg+xml;base64,PHN2ZyB3aWR0aD0iMSIgaGVpZ2h0PSIxIiB4bWxucz0iaHR0cDovL3d3dy53My5vcmcvMjAwMC9zdmciPjwvc3ZnPg==\" style=\"--smush-placeholder-width: 1080px; --smush-placeholder-aspect-ratio: 1080\/1080;\" \/><\/figure>\n\n\n\n<figure class=\"wp-block-image alignwide size-full\"><img decoding=\"async\" width=\"1080\" height=\"1080\" data-src=\"https:\/\/pfetech.com\/aqara\/wp-content\/uploads\/2024\/02\/9.png\" alt=\"Aqara MagicPad S1 Plus\" class=\"wp-image-1678 lazyload\" data-srcset=\"https:\/\/pfetech.com\/aqara\/wp-content\/uploads\/2024\/02\/9.png 1080w, https:\/\/pfetech.com\/aqara\/wp-content\/uploads\/2024\/02\/9-300x300.png 300w, https:\/\/pfetech.com\/aqara\/wp-content\/uploads\/2024\/02\/9-1024x1024.png 1024w, https:\/\/pfetech.com\/aqara\/wp-content\/uploads\/2024\/02\/9-150x150.png 150w, https:\/\/pfetech.com\/aqara\/wp-content\/uploads\/2024\/02\/9-768x768.png 768w, https:\/\/pfetech.com\/aqara\/wp-content\/uploads\/2024\/02\/9-600x600.png 600w, https:\/\/pfetech.com\/aqara\/wp-content\/uploads\/2024\/02\/9-100x100.png 100w\" data-sizes=\"(max-width: 1080px) 100vw, 1080px\" src=\"data:image\/svg+xml;base64,PHN2ZyB3aWR0aD0iMSIgaGVpZ2h0PSIxIiB4bWxucz0iaHR0cDovL3d3dy53My5vcmcvMjAwMC9zdmciPjwvc3ZnPg==\" style=\"--smush-placeholder-width: 1080px; --smush-placeholder-aspect-ratio: 1080\/1080;\" \/><\/figure>\n\n\n\n<figure class=\"wp-block-image alignwide size-full\"><img decoding=\"async\" width=\"1080\" height=\"1080\" data-src=\"https:\/\/pfetech.com\/aqara\/wp-content\/uploads\/2024\/02\/11.png\" alt=\"Aqara MagicPad S1 Plus\" class=\"wp-image-1680 lazyload\" data-srcset=\"https:\/\/pfetech.com\/aqara\/wp-content\/uploads\/2024\/02\/11.png 1080w, https:\/\/pfetech.com\/aqara\/wp-content\/uploads\/2024\/02\/11-300x300.png 300w, https:\/\/pfetech.com\/aqara\/wp-content\/uploads\/2024\/02\/11-1024x1024.png 1024w, https:\/\/pfetech.com\/aqara\/wp-content\/uploads\/2024\/02\/11-150x150.png 150w, https:\/\/pfetech.com\/aqara\/wp-content\/uploads\/2024\/02\/11-768x768.png 768w, https:\/\/pfetech.com\/aqara\/wp-content\/uploads\/2024\/02\/11-600x600.png 600w, https:\/\/pfetech.com\/aqara\/wp-content\/uploads\/2024\/02\/11-100x100.png 100w\" data-sizes=\"(max-width: 1080px) 100vw, 1080px\" src=\"data:image\/svg+xml;base64,PHN2ZyB3aWR0aD0iMSIgaGVpZ2h0PSIxIiB4bWxucz0iaHR0cDovL3d3dy53My5vcmcvMjAwMC9zdmciPjwvc3ZnPg==\" style=\"--smush-placeholder-width: 1080px; --smush-placeholder-aspect-ratio: 1080\/1080;\" \/><\/figure>\n\n\n\n<figure class=\"wp-block-image alignwide size-full\"><img decoding=\"async\" width=\"1080\" height=\"1080\" data-src=\"https:\/\/pfetech.com\/aqara\/wp-content\/uploads\/2024\/02\/12.png\" alt=\"Aqara MagicPad S1 Plus\" class=\"wp-image-1681 lazyload\" data-srcset=\"https:\/\/pfetech.com\/aqara\/wp-content\/uploads\/2024\/02\/12.png 1080w, https:\/\/pfetech.com\/aqara\/wp-content\/uploads\/2024\/02\/12-300x300.png 300w, https:\/\/pfetech.com\/aqara\/wp-content\/uploads\/2024\/02\/12-1024x1024.png 1024w, https:\/\/pfetech.com\/aqara\/wp-content\/uploads\/2024\/02\/12-150x150.png 150w, https:\/\/pfetech.com\/aqara\/wp-content\/uploads\/2024\/02\/12-768x768.png 768w, https:\/\/pfetech.com\/aqara\/wp-content\/uploads\/2024\/02\/12-600x600.png 600w, https:\/\/pfetech.com\/aqara\/wp-content\/uploads\/2024\/02\/12-100x100.png 100w\" data-sizes=\"(max-width: 1080px) 100vw, 1080px\" src=\"data:image\/svg+xml;base64,PHN2ZyB3aWR0aD0iMSIgaGVpZ2h0PSIxIiB4bWxucz0iaHR0cDovL3d3dy53My5vcmcvMjAwMC9zdmciPjwvc3ZnPg==\" style=\"--smush-placeholder-width: 1080px; --smush-placeholder-aspect-ratio: 1080\/1080;\" \/><\/figure>\n\n\n\n<figure class=\"wp-block-image alignwide size-full\"><img decoding=\"async\" width=\"1080\" height=\"1080\" data-src=\"https:\/\/pfetech.com\/aqara\/wp-content\/uploads\/2024\/02\/7-1.png\" alt=\"Aqara MagicPad S1 Plus\" class=\"wp-image-1676 lazyload\" data-srcset=\"https:\/\/pfetech.com\/aqara\/wp-content\/uploads\/2024\/02\/7-1.png 1080w, https:\/\/pfetech.com\/aqara\/wp-content\/uploads\/2024\/02\/7-1-300x300.png 300w, https:\/\/pfetech.com\/aqara\/wp-content\/uploads\/2024\/02\/7-1-1024x1024.png 1024w, https:\/\/pfetech.com\/aqara\/wp-content\/uploads\/2024\/02\/7-1-150x150.png 150w, https:\/\/pfetech.com\/aqara\/wp-content\/uploads\/2024\/02\/7-1-768x768.png 768w, https:\/\/pfetech.com\/aqara\/wp-content\/uploads\/2024\/02\/7-1-600x600.png 600w, https:\/\/pfetech.com\/aqara\/wp-content\/uploads\/2024\/02\/7-1-100x100.png 100w\" data-sizes=\"(max-width: 1080px) 100vw, 1080px\" src=\"data:image\/svg+xml;base64,PHN2ZyB3aWR0aD0iMSIgaGVpZ2h0PSIxIiB4bWxucz0iaHR0cDovL3d3dy53My5vcmcvMjAwMC9zdmciPjwvc3ZnPg==\" style=\"--smush-placeholder-width: 1080px; --smush-placeholder-aspect-ratio: 1080\/1080;\" \/><\/figure>\n\n\n\n<figure class=\"wp-block-image alignwide size-full\"><a href=\"https:\/\/pfetech.com\/aqara\/wp-content\/uploads\/2024\/02\/10.png\"><img decoding=\"async\" width=\"1080\" height=\"1080\" data-src=\"https:\/\/pfetech.com\/aqara\/wp-content\/uploads\/2024\/02\/10.png\" alt=\"Aqara MagicPad S1 Plus\" class=\"wp-image-1679 lazyload\" data-srcset=\"https:\/\/pfetech.com\/aqara\/wp-content\/uploads\/2024\/02\/10.png 1080w, https:\/\/pfetech.com\/aqara\/wp-content\/uploads\/2024\/02\/10-300x300.png 300w, https:\/\/pfetech.com\/aqara\/wp-content\/uploads\/2024\/02\/10-1024x1024.png 1024w, https:\/\/pfetech.com\/aqara\/wp-content\/uploads\/2024\/02\/10-150x150.png 150w, https:\/\/pfetech.com\/aqara\/wp-content\/uploads\/2024\/02\/10-768x768.png 768w, https:\/\/pfetech.com\/aqara\/wp-content\/uploads\/2024\/02\/10-600x600.png 600w, https:\/\/pfetech.com\/aqara\/wp-content\/uploads\/2024\/02\/10-100x100.png 100w\" data-sizes=\"(max-width: 1080px) 100vw, 1080px\" src=\"data:image\/svg+xml;base64,PHN2ZyB3aWR0aD0iMSIgaGVpZ2h0PSIxIiB4bWxucz0iaHR0cDovL3d3dy53My5vcmcvMjAwMC9zdmciPjwvc3ZnPg==\" style=\"--smush-placeholder-width: 1080px; --smush-placeholder-aspect-ratio: 1080\/1080;\" \/><\/a><\/figure>\n\n\n\n<h3 class=\"wp-block-heading\"><strong>Specifications<\/strong><\/h3>\n\n\n\n<figure class=\"wp-block-table\"><table><tbody><tr><td>Model<\/td><td>MP-K01D<\/td><\/tr><tr><td>Dimensions<\/td><td>172 \u00d7 86 \u00d7 43.7 mm (6.77 \u00d7 3.39 \u00d7 1.72 in.)<\/td><\/tr><tr><td>Color<\/td><td>Gray<\/td><\/tr><tr><td>Wireless Protocols<\/td><td>Wi-Fi IEEE 802.11 a\/b\/g\/n\/ac 2.4GHz\/5GHz, Zigbee<\/td><\/tr><tr><td>Resolution<\/td><td>1440 \u00d7 720<\/td><\/tr><tr><td>Input Power<\/td><td>100 \u2013 240 V, 50\/60 Hz, \u03bc<\/td><\/tr><tr><td>USB-C Input<\/td><td>5V&nbsp;&nbsp;&nbsp; 2A<\/td><\/tr><tr><td>Rated Load<\/td><td>Max. 2200W (Incandescent Lamp), Max. 400W (Capacity\/inductive load, such as LED)<\/td><\/tr><tr><td>Operating Temperature<\/td><td>&nbsp;-10\u00b0C ~ 40\u00b0C (14\u00b0F ~ 104\u00b0F)<\/td><\/tr><tr><td>Operating Humidity<\/td><td>0 ~ 95% RH, no condensation<\/td><\/tr><tr><td>Third Party Platform Speaker<\/td><td>Google, Alexa: turning on and off relays<\/td><\/tr><tr><td>What\u2019s in the Box<\/td><td>MagicPad S1 Plus x1, M4 x2, screw bag x1, User Manual x1<\/td><\/tr><\/tbody><\/table><\/figure>\n","protected":false},"excerpt":{"rendered":"<p>Revolutionizes full screen smart home control,\u00a0 Its distinctive features include customizable themes, touchscreen control for devices and scenes, and support for quick theme changes.<\/p>\n","protected":false},"featured_media":1671,"template":"","meta":[],"product_brand":[],"product_cat":[37],"product_tag":[],"class_list":{"0":"post-1670","1":"product","2":"type-product","3":"status-publish","4":"has-post-thumbnail","6":"product_cat-smart-switches","7":"sales-flash-overlay","8":"woocommerce-text-align-center","9":"woocommerce-image-align-center","10":"do-quantity-buttons","11":"wc-has-gallery","13":"first","14":"instock","15":"taxable","16":"shipping-taxable","17":"purchasable","18":"product-type-variable"},"_links":{"self":[{"href":"https:\/\/pfetech.com\/aqara\/wp-json\/wp\/v2\/product\/1670","targetHints":{"allow":["GET"]}}],"collection":[{"href":"https:\/\/pfetech.com\/aqara\/wp-json\/wp\/v2\/product"}],"about":[{"href":"https:\/\/pfetech.com\/aqara\/wp-json\/wp\/v2\/types\/product"}],"wp:featuredmedia":[{"embeddable":true,"href":"https:\/\/pfetech.com\/aqara\/wp-json\/wp\/v2\/media\/1671"}],"wp:attachment":[{"href":"https:\/\/pfetech.com\/aqara\/wp-json\/wp\/v2\/media?parent=1670"}],"wp:term":[{"taxonomy":"product_brand","embeddable":true,"href":"https:\/\/pfetech.com\/aqara\/wp-json\/wp\/v2\/product_brand?post=1670"},{"taxonomy":"product_cat","embeddable":true,"href":"https:\/\/pfetech.com\/aqara\/wp-json\/wp\/v2\/product_cat?post=1670"},{"taxonomy":"product_tag","embeddable":true,"href":"https:\/\/pfetech.com\/aqara\/wp-json\/wp\/v2\/product_tag?post=1670"}],"curies":[{"name":"wp","href":"https:\/\/api.w.org\/{rel}","templated":true}]}}