{"id":1281,"date":"2023-08-14T12:06:01","date_gmt":"2023-08-14T12:06:01","guid":{"rendered":"https:\/\/pfetech.com\/aqara\/?post_type=product&#038;p=1281"},"modified":"2023-10-06T01:37:47","modified_gmt":"2023-10-06T01:37:47","slug":"aqara-led-strip-t1","status":"publish","type":"product","link":"https:\/\/pfetech.com\/aqara\/product\/aqara-led-strip-t1\/","title":{"rendered":"Aqara LED Strip T1"},"content":{"rendered":"\n<p class=\"has-medium-font-size\"><em>Vibe in Every Colour<\/em><\/p>\n\n\n\n<p>The Aqara LED Strip T1 is a multipurpose light strip that not only provides high-quality lighting with bright whites, but also can display multiple colors at once and be used in smart home automations with other Aqara or third-party devices.<\/p>\n\n\n\n<ul class=\"wp-block-list\">\n<li><strong>Compatibility and Matter<sup>1<\/sup> Support: <\/strong>T1 is compatible with a variety of ecosystems, including Apple HomeKit (with support for HomeKit Adaptive Lighting) and Google Home, providing more ways for users to customize and future-proof their smart homes. The T1 light strip is also compatible with Matter through Zigbee. <\/li>\n<\/ul>\n\n\n\n<ul class=\"wp-block-list\">\n<li><strong>16 Million Colors and Tunable Whites: <\/strong>Almost unlimited color options. You can enjoy the brighter white light with a temperature range from cool to hot, or you can get lost in a world of vibrant hues. In the colorful lamp bead mode, you can choose your favorite bright color or create a color-changing scene to achieve the perfect mood.<\/li>\n<\/ul>\n\n\n\n<ul class=\"wp-block-list\">\n<li><strong>RGBIC<sup>2<\/sup> with Gradient E\ufb00ects: <\/strong>Each of the 10 segments of the strip can be con\ufb01gured separately: it supports di\ufb00erent colors, dimming, e\ufb00ects, or even using one strip for di\ufb00erent parts of the room.<\/li>\n<\/ul>\n\n\n\n<ul class=\"wp-block-list\">\n<li><strong>Home Automations and Scenes: <\/strong>Aqara Home App provides rich operations and setting pages. You can choose between a \ufb01xed color card combination or a self-selected color. Support for custom scene names, brightness, and the selection of dynamic e\ufb00ects and dynamic speed<strong>.<\/strong><\/li>\n<\/ul>\n\n\n\n<ul class=\"wp-block-list\">\n<li><strong>Adjustable Length and Easy Installation: <\/strong>It is suitable for DIY projects because it is cuttable<sup>3<\/sup> (into the segments of 20 cm \/ 7.9\u201d), <a href=\"https:\/\/pfetech.com\/aqara\/product\/aqara-led-strip-t1-extension-1m\/\" data-type=\"product\" data-id=\"1321\">extendable for up to 10 meters<\/a>, and re-attachable. Furthermore, it has an IP44 rating, meaning it is protected against dust and can also be used outdoors.<\/li>\n<\/ul>\n\n\n\n<ul class=\"wp-block-list\">\n<li><strong>Zigbee 3.0 with Repeater Functionality: <\/strong>Compared to Wi-Fi competitors, the Strip T1 does not congest your smart home network: In the opposite, it acts as a mesh repeater, and makes your Zigbee network more reliable. Also, it has much lower idle power consumption, which makes it more environmentally- and budget-friendly.<\/li>\n<\/ul>\n\n\n\n<p><em><sup>1<\/sup> A Matter-compatible Aqara hub is required.<\/em><br><em><sup>2<\/sup> RGBIC effects are only available for colorful (RGB) scenes, but not for tunable white.<\/em><br><em><sup>3<\/sup> After the strip is cut, 5-pin connectors and 5-core wires will be needed to reattach them.<\/em><\/p>\n\n\n\n<pre class=\"wp-block-preformatted\"><h3>Extensions?<\/h3>This product contains a 2-metre light strip, and can be extended up to 10 metres with the addition of <a rel=\"noreferrer noopener\" href=\"https:\/\/pfetech.com\/aqara\/product\/aqara-led-strip-t1-extension-1m\/\" data-type=\"product\" data-id=\"1321\" target=\"_blank\">Aqara LED Strip T1 Extensions (1m)<\/a>. \n\nFor example, to achieve a 6m or less light strip, you will need\n- 1x Aqara LED Strip T1 2m (this product)\n- 4x <a rel=\"noreferrer noopener\" href=\"https:\/\/pfetech.com\/aqara\/product\/aqara-led-strip-t1-extension-1m\/\" data-type=\"product\" data-id=\"1321\" target=\"_blank\">Aqara LED Strip T1 Extension 1m<\/a>\n\nTo do this, you will need to check out these quantities as stated.<\/pre>\n\n\n\n<figure class=\"wp-block-image alignwide size-large\"><img decoding=\"async\" data-src=\"https:\/\/pfetech.com\/aqara\/wp-content\/uploads\/2023\/08\/Aqara-LED-Strip-T1-01.jpg\" alt=\"\" src=\"data:image\/svg+xml;base64,PHN2ZyB3aWR0aD0iMSIgaGVpZ2h0PSIxIiB4bWxucz0iaHR0cDovL3d3dy53My5vcmcvMjAwMC9zdmciPjwvc3ZnPg==\" class=\"lazyload\" style=\"--smush-placeholder-width: 1080px; --smush-placeholder-aspect-ratio: 1080\/2758;\" \/><\/figure>\n\n\n\n<figure class=\"wp-block-image alignwide size-full\"><img decoding=\"async\" width=\"1080\" height=\"1908\" data-src=\"https:\/\/pfetech.com\/aqara\/wp-content\/uploads\/2023\/08\/Aqara-LED-Strip-T1-02.jpg\" alt=\"\" class=\"wp-image-1312 lazyload\" data-srcset=\"https:\/\/pfetech.com\/aqara\/wp-content\/uploads\/2023\/08\/Aqara-LED-Strip-T1-02.jpg 1080w, https:\/\/pfetech.com\/aqara\/wp-content\/uploads\/2023\/08\/Aqara-LED-Strip-T1-02-170x300.jpg 170w, https:\/\/pfetech.com\/aqara\/wp-content\/uploads\/2023\/08\/Aqara-LED-Strip-T1-02-580x1024.jpg 580w, https:\/\/pfetech.com\/aqara\/wp-content\/uploads\/2023\/08\/Aqara-LED-Strip-T1-02-768x1357.jpg 768w, https:\/\/pfetech.com\/aqara\/wp-content\/uploads\/2023\/08\/Aqara-LED-Strip-T1-02-869x1536.jpg 869w, https:\/\/pfetech.com\/aqara\/wp-content\/uploads\/2023\/08\/Aqara-LED-Strip-T1-02-600x1060.jpg 600w\" data-sizes=\"(max-width: 1080px) 100vw, 1080px\" src=\"data:image\/svg+xml;base64,PHN2ZyB3aWR0aD0iMSIgaGVpZ2h0PSIxIiB4bWxucz0iaHR0cDovL3d3dy53My5vcmcvMjAwMC9zdmciPjwvc3ZnPg==\" style=\"--smush-placeholder-width: 1080px; --smush-placeholder-aspect-ratio: 1080\/1908;\" \/><\/figure>\n\n\n\n<figure class=\"wp-block-image alignwide size-full\"><img decoding=\"async\" width=\"1080\" height=\"2186\" data-src=\"https:\/\/pfetech.com\/aqara\/wp-content\/uploads\/2023\/08\/Aqara-LED-Strip-T1-03.jpg\" alt=\"\" class=\"wp-image-1313 lazyload\" data-srcset=\"https:\/\/pfetech.com\/aqara\/wp-content\/uploads\/2023\/08\/Aqara-LED-Strip-T1-03.jpg 1080w, https:\/\/pfetech.com\/aqara\/wp-content\/uploads\/2023\/08\/Aqara-LED-Strip-T1-03-148x300.jpg 148w, https:\/\/pfetech.com\/aqara\/wp-content\/uploads\/2023\/08\/Aqara-LED-Strip-T1-03-506x1024.jpg 506w, https:\/\/pfetech.com\/aqara\/wp-content\/uploads\/2023\/08\/Aqara-LED-Strip-T1-03-768x1554.jpg 768w, https:\/\/pfetech.com\/aqara\/wp-content\/uploads\/2023\/08\/Aqara-LED-Strip-T1-03-759x1536.jpg 759w, https:\/\/pfetech.com\/aqara\/wp-content\/uploads\/2023\/08\/Aqara-LED-Strip-T1-03-1012x2048.jpg 1012w, https:\/\/pfetech.com\/aqara\/wp-content\/uploads\/2023\/08\/Aqara-LED-Strip-T1-03-600x1214.jpg 600w\" data-sizes=\"(max-width: 1080px) 100vw, 1080px\" src=\"data:image\/svg+xml;base64,PHN2ZyB3aWR0aD0iMSIgaGVpZ2h0PSIxIiB4bWxucz0iaHR0cDovL3d3dy53My5vcmcvMjAwMC9zdmciPjwvc3ZnPg==\" style=\"--smush-placeholder-width: 1080px; --smush-placeholder-aspect-ratio: 1080\/2186;\" \/><\/figure>\n\n\n\n<figure class=\"wp-block-image alignwide size-large\"><img decoding=\"async\" data-src=\"https:\/\/pfetech.com\/aqara\/wp-content\/uploads\/2023\/08\/Aqara-LED-Strip-T1-04.jpg\" alt=\"\" src=\"data:image\/svg+xml;base64,PHN2ZyB3aWR0aD0iMSIgaGVpZ2h0PSIxIiB4bWxucz0iaHR0cDovL3d3dy53My5vcmcvMjAwMC9zdmciPjwvc3ZnPg==\" class=\"lazyload\" style=\"--smush-placeholder-width: 1080px; --smush-placeholder-aspect-ratio: 1080\/3176;\" \/><\/figure>\n\n\n\n<figure class=\"wp-block-image alignwide size-large\"><img decoding=\"async\" data-src=\"https:\/\/pfetech.com\/aqara\/wp-content\/uploads\/2023\/08\/Aqara-LED-Strip-T1-05.jpg\" alt=\"\" src=\"data:image\/svg+xml;base64,PHN2ZyB3aWR0aD0iMSIgaGVpZ2h0PSIxIiB4bWxucz0iaHR0cDovL3d3dy53My5vcmcvMjAwMC9zdmciPjwvc3ZnPg==\" class=\"lazyload\" style=\"--smush-placeholder-width: 1080px; --smush-placeholder-aspect-ratio: 1080\/3174;\" \/><\/figure>\n\n\n\n<figure class=\"wp-block-image alignwide size-large\"><img decoding=\"async\" data-src=\"https:\/\/pfetech.com\/aqara\/wp-content\/uploads\/2023\/08\/Aqara-LED-Strip-T1-06.jpg\" alt=\"\" src=\"data:image\/svg+xml;base64,PHN2ZyB3aWR0aD0iMSIgaGVpZ2h0PSIxIiB4bWxucz0iaHR0cDovL3d3dy53My5vcmcvMjAwMC9zdmciPjwvc3ZnPg==\" class=\"lazyload\" style=\"--smush-placeholder-width: 1080px; --smush-placeholder-aspect-ratio: 1080\/2585;\" \/><\/figure>\n\n\n\n<figure class=\"wp-block-image alignwide size-full\"><img decoding=\"async\" width=\"1080\" height=\"1888\" data-src=\"https:\/\/pfetech.com\/aqara\/wp-content\/uploads\/2023\/08\/Aqara-LED-Strip-T1-07.jpg\" alt=\"\" class=\"wp-image-1317 lazyload\" data-srcset=\"https:\/\/pfetech.com\/aqara\/wp-content\/uploads\/2023\/08\/Aqara-LED-Strip-T1-07.jpg 1080w, https:\/\/pfetech.com\/aqara\/wp-content\/uploads\/2023\/08\/Aqara-LED-Strip-T1-07-172x300.jpg 172w, https:\/\/pfetech.com\/aqara\/wp-content\/uploads\/2023\/08\/Aqara-LED-Strip-T1-07-586x1024.jpg 586w, https:\/\/pfetech.com\/aqara\/wp-content\/uploads\/2023\/08\/Aqara-LED-Strip-T1-07-768x1343.jpg 768w, https:\/\/pfetech.com\/aqara\/wp-content\/uploads\/2023\/08\/Aqara-LED-Strip-T1-07-879x1536.jpg 879w, https:\/\/pfetech.com\/aqara\/wp-content\/uploads\/2023\/08\/Aqara-LED-Strip-T1-07-600x1049.jpg 600w\" data-sizes=\"(max-width: 1080px) 100vw, 1080px\" src=\"data:image\/svg+xml;base64,PHN2ZyB3aWR0aD0iMSIgaGVpZ2h0PSIxIiB4bWxucz0iaHR0cDovL3d3dy53My5vcmcvMjAwMC9zdmciPjwvc3ZnPg==\" style=\"--smush-placeholder-width: 1080px; --smush-placeholder-aspect-ratio: 1080\/1888;\" \/><\/figure>\n\n\n\n<figure class=\"wp-block-image alignwide size-full\"><img decoding=\"async\" width=\"1080\" height=\"1704\" data-src=\"https:\/\/pfetech.com\/aqara\/wp-content\/uploads\/2023\/08\/Aqara-LED-Strip-T1-08.jpg\" alt=\"\" class=\"wp-image-1318 lazyload\" data-srcset=\"https:\/\/pfetech.com\/aqara\/wp-content\/uploads\/2023\/08\/Aqara-LED-Strip-T1-08.jpg 1080w, https:\/\/pfetech.com\/aqara\/wp-content\/uploads\/2023\/08\/Aqara-LED-Strip-T1-08-190x300.jpg 190w, https:\/\/pfetech.com\/aqara\/wp-content\/uploads\/2023\/08\/Aqara-LED-Strip-T1-08-649x1024.jpg 649w, https:\/\/pfetech.com\/aqara\/wp-content\/uploads\/2023\/08\/Aqara-LED-Strip-T1-08-768x1212.jpg 768w, https:\/\/pfetech.com\/aqara\/wp-content\/uploads\/2023\/08\/Aqara-LED-Strip-T1-08-974x1536.jpg 974w, https:\/\/pfetech.com\/aqara\/wp-content\/uploads\/2023\/08\/Aqara-LED-Strip-T1-08-600x947.jpg 600w\" data-sizes=\"(max-width: 1080px) 100vw, 1080px\" src=\"data:image\/svg+xml;base64,PHN2ZyB3aWR0aD0iMSIgaGVpZ2h0PSIxIiB4bWxucz0iaHR0cDovL3d3dy53My5vcmcvMjAwMC9zdmciPjwvc3ZnPg==\" style=\"--smush-placeholder-width: 1080px; --smush-placeholder-aspect-ratio: 1080\/1704;\" \/><\/figure>\n\n\n\n<figure class=\"wp-block-image alignwide size-full\"><img decoding=\"async\" width=\"1080\" height=\"2034\" data-src=\"https:\/\/pfetech.com\/aqara\/wp-content\/uploads\/2023\/08\/Aqara-LED-Strip-T1-09.jpg\" alt=\"\" class=\"wp-image-1319 lazyload\" data-srcset=\"https:\/\/pfetech.com\/aqara\/wp-content\/uploads\/2023\/08\/Aqara-LED-Strip-T1-09.jpg 1080w, https:\/\/pfetech.com\/aqara\/wp-content\/uploads\/2023\/08\/Aqara-LED-Strip-T1-09-159x300.jpg 159w, https:\/\/pfetech.com\/aqara\/wp-content\/uploads\/2023\/08\/Aqara-LED-Strip-T1-09-544x1024.jpg 544w, https:\/\/pfetech.com\/aqara\/wp-content\/uploads\/2023\/08\/Aqara-LED-Strip-T1-09-768x1446.jpg 768w, https:\/\/pfetech.com\/aqara\/wp-content\/uploads\/2023\/08\/Aqara-LED-Strip-T1-09-816x1536.jpg 816w, https:\/\/pfetech.com\/aqara\/wp-content\/uploads\/2023\/08\/Aqara-LED-Strip-T1-09-600x1130.jpg 600w\" data-sizes=\"(max-width: 1080px) 100vw, 1080px\" src=\"data:image\/svg+xml;base64,PHN2ZyB3aWR0aD0iMSIgaGVpZ2h0PSIxIiB4bWxucz0iaHR0cDovL3d3dy53My5vcmcvMjAwMC9zdmciPjwvc3ZnPg==\" style=\"--smush-placeholder-width: 1080px; --smush-placeholder-aspect-ratio: 1080\/2034;\" \/><\/figure>\n\n\n\n<figure class=\"wp-block-image alignwide size-full\"><img decoding=\"async\" width=\"1080\" height=\"2542\" data-src=\"https:\/\/pfetech.com\/aqara\/wp-content\/uploads\/2023\/08\/Aqara-LED-Strip-T1-10.jpg\" alt=\"\" class=\"wp-image-1320 lazyload\" data-srcset=\"https:\/\/pfetech.com\/aqara\/wp-content\/uploads\/2023\/08\/Aqara-LED-Strip-T1-10.jpg 1080w, https:\/\/pfetech.com\/aqara\/wp-content\/uploads\/2023\/08\/Aqara-LED-Strip-T1-10-127x300.jpg 127w, https:\/\/pfetech.com\/aqara\/wp-content\/uploads\/2023\/08\/Aqara-LED-Strip-T1-10-435x1024.jpg 435w, https:\/\/pfetech.com\/aqara\/wp-content\/uploads\/2023\/08\/Aqara-LED-Strip-T1-10-768x1808.jpg 768w, https:\/\/pfetech.com\/aqara\/wp-content\/uploads\/2023\/08\/Aqara-LED-Strip-T1-10-653x1536.jpg 653w, https:\/\/pfetech.com\/aqara\/wp-content\/uploads\/2023\/08\/Aqara-LED-Strip-T1-10-870x2048.jpg 870w, https:\/\/pfetech.com\/aqara\/wp-content\/uploads\/2023\/08\/Aqara-LED-Strip-T1-10-600x1412.jpg 600w\" data-sizes=\"(max-width: 1080px) 100vw, 1080px\" src=\"data:image\/svg+xml;base64,PHN2ZyB3aWR0aD0iMSIgaGVpZ2h0PSIxIiB4bWxucz0iaHR0cDovL3d3dy53My5vcmcvMjAwMC9zdmciPjwvc3ZnPg==\" style=\"--smush-placeholder-width: 1080px; --smush-placeholder-aspect-ratio: 1080\/2542;\" \/><\/figure>\n\n\n\n<p><strong>Specifications<\/strong><\/p>\n\n\n\n<figure class=\"wp-block-table\"><table><tbody><tr><td>Product Name<\/td><td><strong>Aqara LED Strip T1<\/strong><\/td><\/tr><tr><td>Model<\/td><td>LEDS-K01\/LEDS-K02\/RLS-K01D\/RLS-K02D<\/td><\/tr><tr><td>Rated Power<\/td><td>5 W\/m (30 Pieces \u00d7 5050 \/ 0.2W \/ RGB, 60 Pieces \u00d7 2835 0.2 W)<\/td><\/tr><tr><td>Color Temperature<\/td><td>RGB + 2700 K + 6500 K<\/td><\/tr><tr><td>Power Input (Power Supply)<\/td><td>100-240V~50\/60Hz 1.2A Max<\/td><\/tr><tr><td>Power Output (Power Supply)<\/td><td>24V DC 1.5 A<\/td><\/tr><tr><td>Power Input (LED Strip)<\/td><td>24VDC \u22640.25A\/m<\/td><\/tr><tr><td>Wireless Protocol<\/td><td>Zigbee<\/td><\/tr><tr><td>Dimension of the Strip<\/td><td>2000 \u00d7 12 \u00d7 2.8 mm (LED Strip)<\/td><\/tr><tr><td>Working Temperature<\/td><td>-10 \u00b0C ~ 40 \u00b0C (14 \u00b0F ~ 104 \u00b0F)<\/td><\/tr><tr><td>Operating Humidity<\/td><td>0 ~ 95 % RH, no condensation<\/td><\/tr><tr><td>Zigbee Operation Frequency<\/td><td>2405-2475 MHz<\/td><\/tr><tr><td>Zigbee Maximum Output Power<\/td><td>\u2264 13 dBm<\/td><\/tr><tr><td>What is in the Box<\/td><td>Light Strip (2 m) \u00d7 1, UK 3-pin Power Adapter \u00d7 1, Controller \u00d7 1, User Manual \u00d7 1<\/td><\/tr><\/tbody><\/table><\/figure>\n\n\n\n<figure class=\"wp-block-table\"><table><tbody><tr><td>Product Name<\/td><td><strong><a href=\"https:\/\/pfetech.com\/aqara\/product\/aqara-led-strip-t1-extension-1m\/\" data-type=\"product\" data-id=\"1321\">Aqara LED Strip T1 Extension Kit<\/a><\/strong><\/td><\/tr><tr><td>Model<\/td><td>RLSE-K01D<\/td><\/tr><tr><td>Input (LED Strip)<\/td><td>24V DC Max. 0.25 A\/m<\/td><\/tr><tr><td>Dimension<\/td><td>1000 \u00d7 12 \u00d7 2.8 mm<\/td><\/tr><tr><td>What is in the Box<\/td><td>Light Strip (1 m) \u00d7 1<\/td><\/tr><\/tbody><\/table><\/figure>\n","protected":false},"excerpt":{"rendered":"<p>Matter-compatible Zigbee light strip with high-quality, addressable, RGBIC LED lighting &#8211; able to display multiple colours at once.\u00a0<\/p>\n","protected":false},"featured_media":1282,"template":"","meta":[],"product_brand":[],"product_cat":[30,36],"product_tag":[],"class_list":{"0":"post-1281","1":"product","2":"type-product","3":"status-publish","4":"has-post-thumbnail","6":"product_cat-smart-lights","7":"product_cat-smartlightproducts","8":"sales-flash-overlay","9":"woocommerce-text-align-center","10":"woocommerce-image-align-center","11":"do-quantity-buttons","12":"wc-has-gallery","14":"first","15":"instock","16":"taxable","17":"shipping-taxable","18":"purchasable","19":"product-type-simple"},"_links":{"self":[{"href":"https:\/\/pfetech.com\/aqara\/wp-json\/wp\/v2\/product\/1281","targetHints":{"allow":["GET"]}}],"collection":[{"href":"https:\/\/pfetech.com\/aqara\/wp-json\/wp\/v2\/product"}],"about":[{"href":"https:\/\/pfetech.com\/aqara\/wp-json\/wp\/v2\/types\/product"}],"wp:featuredmedia":[{"embeddable":true,"href":"https:\/\/pfetech.com\/aqara\/wp-json\/wp\/v2\/media\/1282"}],"wp:attachment":[{"href":"https:\/\/pfetech.com\/aqara\/wp-json\/wp\/v2\/media?parent=1281"}],"wp:term":[{"taxonomy":"product_brand","embeddable":true,"href":"https:\/\/pfetech.com\/aqara\/wp-json\/wp\/v2\/product_brand?post=1281"},{"taxonomy":"product_cat","embeddable":true,"href":"https:\/\/pfetech.com\/aqara\/wp-json\/wp\/v2\/product_cat?post=1281"},{"taxonomy":"product_tag","embeddable":true,"href":"https:\/\/pfetech.com\/aqara\/wp-json\/wp\/v2\/product_tag?post=1281"}],"curies":[{"name":"wp","href":"https:\/\/api.w.org\/{rel}","templated":true}]}}