{"id":119,"date":"2023-05-31T03:08:01","date_gmt":"2023-05-31T03:08:01","guid":{"rendered":"https:\/\/pfetech.com\/aqara\/index.php\/product\/hoodie-with-logo\/"},"modified":"2025-07-15T02:34:48","modified_gmt":"2025-07-15T02:34:48","slug":"aqara-hub-m2","status":"publish","type":"product","link":"https:\/\/pfetech.com\/aqara\/product\/aqara-hub-m2\/","title":{"rendered":"Aqara Hub M2"},"content":{"rendered":"\n<p>The Aqara Hub M2 is a smart home control center. It can be connected with a WiFi or Ethernet network, and supports interaction and connection with Aqara Zigbee accessories. It also has an IR remote control function, which can add and manage the control of different IR devices, such as your air-conditioner to achieve temperature automations and voice controls. <\/p>\n\n\n\n<ul class=\"wp-block-list\">\n<li><strong>Zigbee 3.0 Support, up to 128 devices*:<\/strong> Supports all the latest Aqara devices based on the fastest, most stable, and energy-efficient technology.<\/li>\n\n\n\n<li><strong>360\u00b0 Infrared Control<\/strong>: Control your existing IR devices from any part of your room by voice** and via local automations.<\/li>\n\n\n\n<li><strong>Ethernet RJ-45 Port<\/strong>: Wired connection via Ethernet RJ-45 for extra stability and lower response time.<\/li>\n\n\n\n<li><strong>Built-in Speaker<\/strong>: Can be used as an alarm or doorbell via configurable automations.<\/li>\n\n\n\n<li><strong>USB Power<\/strong>: More flexible installation and optional battery backup thanks to Micro-USB 5V 1A power support.<\/li>\n\n\n\n<li><strong>All-Round Compatibility:<\/strong> Use your favorite voice assistant** or smart home ecosystem together with Aqara Home app automations.<\/li>\n\n\n\n<li><strong>Support of all the 4 Apple HomeKit native alarm modes<\/strong>.<\/li>\n<\/ul>\n\n\n\n<p><em>*Up to 128 Aqara Zigbee child devices can be connected to the hub (repeater devices such as Smart Plug and Wall Switch (with Neutral) are required).<br>**Apple Siri, Amazon Alexa, Google Assistant, and more are supported. IR control is NOT Apple HomeKit compatible, but can be controlled by Siri.<\/em> <br><em>As IR beams cannot pass through walls, an Aqara Hub M2 can only control the appliances in the same room. Maximum range of 10m.<\/em><\/p>\n\n\n\n<figure class=\"wp-block-image alignwide size-full\"><img decoding=\"async\" width=\"1080\" height=\"1720\" data-src=\"https:\/\/pfetech.com\/aqara\/wp-content\/uploads\/M2\/Hub-M2_Mobile_01.jpg\" alt=\"\" class=\"wp-image-649 lazyload\" data-srcset=\"https:\/\/pfetech.com\/aqara\/wp-content\/uploads\/M2\/Hub-M2_Mobile_01.jpg 1080w, https:\/\/pfetech.com\/aqara\/wp-content\/uploads\/M2\/Hub-M2_Mobile_01-188x300.jpg 188w, https:\/\/pfetech.com\/aqara\/wp-content\/uploads\/M2\/Hub-M2_Mobile_01-643x1024.jpg 643w, https:\/\/pfetech.com\/aqara\/wp-content\/uploads\/M2\/Hub-M2_Mobile_01-768x1223.jpg 768w, https:\/\/pfetech.com\/aqara\/wp-content\/uploads\/M2\/Hub-M2_Mobile_01-964x1536.jpg 964w, https:\/\/pfetech.com\/aqara\/wp-content\/uploads\/M2\/Hub-M2_Mobile_01-600x956.jpg 600w\" data-sizes=\"(max-width: 1080px) 100vw, 1080px\" src=\"data:image\/svg+xml;base64,PHN2ZyB3aWR0aD0iMSIgaGVpZ2h0PSIxIiB4bWxucz0iaHR0cDovL3d3dy53My5vcmcvMjAwMC9zdmciPjwvc3ZnPg==\" style=\"--smush-placeholder-width: 1080px; --smush-placeholder-aspect-ratio: 1080\/1720;\" \/><\/figure>\n\n\n\n<figure class=\"wp-block-image alignwide size-full\"><img decoding=\"async\" width=\"1080\" height=\"1781\" data-src=\"https:\/\/pfetech.com\/aqara\/wp-content\/uploads\/M2\/Hub-M2_Mobile_02.jpg\" alt=\"\" class=\"wp-image-648 lazyload\" data-srcset=\"https:\/\/pfetech.com\/aqara\/wp-content\/uploads\/M2\/Hub-M2_Mobile_02.jpg 1080w, https:\/\/pfetech.com\/aqara\/wp-content\/uploads\/M2\/Hub-M2_Mobile_02-182x300.jpg 182w, https:\/\/pfetech.com\/aqara\/wp-content\/uploads\/M2\/Hub-M2_Mobile_02-621x1024.jpg 621w, https:\/\/pfetech.com\/aqara\/wp-content\/uploads\/M2\/Hub-M2_Mobile_02-768x1266.jpg 768w, https:\/\/pfetech.com\/aqara\/wp-content\/uploads\/M2\/Hub-M2_Mobile_02-931x1536.jpg 931w, https:\/\/pfetech.com\/aqara\/wp-content\/uploads\/M2\/Hub-M2_Mobile_02-600x989.jpg 600w\" data-sizes=\"(max-width: 1080px) 100vw, 1080px\" src=\"data:image\/svg+xml;base64,PHN2ZyB3aWR0aD0iMSIgaGVpZ2h0PSIxIiB4bWxucz0iaHR0cDovL3d3dy53My5vcmcvMjAwMC9zdmciPjwvc3ZnPg==\" style=\"--smush-placeholder-width: 1080px; --smush-placeholder-aspect-ratio: 1080\/1781;\" \/><\/figure>\n\n\n\n<figure class=\"wp-block-image alignwide size-full\"><img decoding=\"async\" width=\"1080\" height=\"1998\" data-src=\"https:\/\/pfetech.com\/aqara\/wp-content\/uploads\/M2\/Hub-M2_Mobile_03.jpg\" alt=\"\" class=\"wp-image-647 lazyload\" data-srcset=\"https:\/\/pfetech.com\/aqara\/wp-content\/uploads\/M2\/Hub-M2_Mobile_03.jpg 1080w, https:\/\/pfetech.com\/aqara\/wp-content\/uploads\/M2\/Hub-M2_Mobile_03-162x300.jpg 162w, https:\/\/pfetech.com\/aqara\/wp-content\/uploads\/M2\/Hub-M2_Mobile_03-554x1024.jpg 554w, https:\/\/pfetech.com\/aqara\/wp-content\/uploads\/M2\/Hub-M2_Mobile_03-768x1421.jpg 768w, https:\/\/pfetech.com\/aqara\/wp-content\/uploads\/M2\/Hub-M2_Mobile_03-830x1536.jpg 830w, https:\/\/pfetech.com\/aqara\/wp-content\/uploads\/M2\/Hub-M2_Mobile_03-600x1110.jpg 600w\" data-sizes=\"(max-width: 1080px) 100vw, 1080px\" src=\"data:image\/svg+xml;base64,PHN2ZyB3aWR0aD0iMSIgaGVpZ2h0PSIxIiB4bWxucz0iaHR0cDovL3d3dy53My5vcmcvMjAwMC9zdmciPjwvc3ZnPg==\" style=\"--smush-placeholder-width: 1080px; --smush-placeholder-aspect-ratio: 1080\/1998;\" \/><\/figure>\n\n\n\n<figure class=\"wp-block-image alignwide size-full\"><img decoding=\"async\" width=\"1080\" height=\"1800\" data-src=\"https:\/\/pfetech.com\/aqara\/wp-content\/uploads\/M2\/Hub-M2_Mobile_04.jpg\" alt=\"\" class=\"wp-image-639 lazyload\" data-srcset=\"https:\/\/pfetech.com\/aqara\/wp-content\/uploads\/M2\/Hub-M2_Mobile_04.jpg 1080w, https:\/\/pfetech.com\/aqara\/wp-content\/uploads\/M2\/Hub-M2_Mobile_04-180x300.jpg 180w, https:\/\/pfetech.com\/aqara\/wp-content\/uploads\/M2\/Hub-M2_Mobile_04-614x1024.jpg 614w, https:\/\/pfetech.com\/aqara\/wp-content\/uploads\/M2\/Hub-M2_Mobile_04-768x1280.jpg 768w, https:\/\/pfetech.com\/aqara\/wp-content\/uploads\/M2\/Hub-M2_Mobile_04-922x1536.jpg 922w, https:\/\/pfetech.com\/aqara\/wp-content\/uploads\/M2\/Hub-M2_Mobile_04-600x1000.jpg 600w\" data-sizes=\"(max-width: 1080px) 100vw, 1080px\" src=\"data:image\/svg+xml;base64,PHN2ZyB3aWR0aD0iMSIgaGVpZ2h0PSIxIiB4bWxucz0iaHR0cDovL3d3dy53My5vcmcvMjAwMC9zdmciPjwvc3ZnPg==\" style=\"--smush-placeholder-width: 1080px; --smush-placeholder-aspect-ratio: 1080\/1800;\" \/><\/figure>\n\n\n\n<figure class=\"wp-block-image alignwide size-full\"><img decoding=\"async\" width=\"1080\" height=\"1856\" data-src=\"https:\/\/pfetech.com\/aqara\/wp-content\/uploads\/M2\/Hub-M2_Mobile_05.jpg\" alt=\"\" class=\"wp-image-642 lazyload\" data-srcset=\"https:\/\/pfetech.com\/aqara\/wp-content\/uploads\/M2\/Hub-M2_Mobile_05.jpg 1080w, https:\/\/pfetech.com\/aqara\/wp-content\/uploads\/M2\/Hub-M2_Mobile_05-175x300.jpg 175w, https:\/\/pfetech.com\/aqara\/wp-content\/uploads\/M2\/Hub-M2_Mobile_05-596x1024.jpg 596w, https:\/\/pfetech.com\/aqara\/wp-content\/uploads\/M2\/Hub-M2_Mobile_05-768x1320.jpg 768w, https:\/\/pfetech.com\/aqara\/wp-content\/uploads\/M2\/Hub-M2_Mobile_05-894x1536.jpg 894w, https:\/\/pfetech.com\/aqara\/wp-content\/uploads\/M2\/Hub-M2_Mobile_05-600x1031.jpg 600w\" data-sizes=\"(max-width: 1080px) 100vw, 1080px\" src=\"data:image\/svg+xml;base64,PHN2ZyB3aWR0aD0iMSIgaGVpZ2h0PSIxIiB4bWxucz0iaHR0cDovL3d3dy53My5vcmcvMjAwMC9zdmciPjwvc3ZnPg==\" style=\"--smush-placeholder-width: 1080px; --smush-placeholder-aspect-ratio: 1080\/1856;\" \/><\/figure>\n\n\n\n<figure class=\"wp-block-image alignwide size-full\"><img decoding=\"async\" width=\"1080\" height=\"2190\" data-src=\"https:\/\/pfetech.com\/aqara\/wp-content\/uploads\/M2\/Hub-M2_Mobile_06.jpg\" alt=\"\" class=\"wp-image-643 lazyload\" data-srcset=\"https:\/\/pfetech.com\/aqara\/wp-content\/uploads\/M2\/Hub-M2_Mobile_06.jpg 1080w, https:\/\/pfetech.com\/aqara\/wp-content\/uploads\/M2\/Hub-M2_Mobile_06-148x300.jpg 148w, https:\/\/pfetech.com\/aqara\/wp-content\/uploads\/M2\/Hub-M2_Mobile_06-505x1024.jpg 505w, https:\/\/pfetech.com\/aqara\/wp-content\/uploads\/M2\/Hub-M2_Mobile_06-768x1557.jpg 768w, https:\/\/pfetech.com\/aqara\/wp-content\/uploads\/M2\/Hub-M2_Mobile_06-757x1536.jpg 757w, https:\/\/pfetech.com\/aqara\/wp-content\/uploads\/M2\/Hub-M2_Mobile_06-1010x2048.jpg 1010w, https:\/\/pfetech.com\/aqara\/wp-content\/uploads\/M2\/Hub-M2_Mobile_06-600x1217.jpg 600w\" data-sizes=\"(max-width: 1080px) 100vw, 1080px\" src=\"data:image\/svg+xml;base64,PHN2ZyB3aWR0aD0iMSIgaGVpZ2h0PSIxIiB4bWxucz0iaHR0cDovL3d3dy53My5vcmcvMjAwMC9zdmciPjwvc3ZnPg==\" style=\"--smush-placeholder-width: 1080px; --smush-placeholder-aspect-ratio: 1080\/2190;\" \/><\/figure>\n\n\n\n<figure class=\"wp-block-image alignwide size-full\"><img decoding=\"async\" width=\"1068\" height=\"2560\" data-src=\"https:\/\/pfetech.com\/aqara\/wp-content\/uploads\/M2\/Hub-M2_Mobile_07-scaled.jpg\" alt=\"\" class=\"wp-image-646 lazyload\" data-srcset=\"https:\/\/pfetech.com\/aqara\/wp-content\/uploads\/M2\/Hub-M2_Mobile_07-scaled.jpg 1068w, https:\/\/pfetech.com\/aqara\/wp-content\/uploads\/M2\/Hub-M2_Mobile_07-125x300.jpg 125w, https:\/\/pfetech.com\/aqara\/wp-content\/uploads\/M2\/Hub-M2_Mobile_07-427x1024.jpg 427w, https:\/\/pfetech.com\/aqara\/wp-content\/uploads\/M2\/Hub-M2_Mobile_07-768x1841.jpg 768w, https:\/\/pfetech.com\/aqara\/wp-content\/uploads\/M2\/Hub-M2_Mobile_07-641x1536.jpg 641w, https:\/\/pfetech.com\/aqara\/wp-content\/uploads\/M2\/Hub-M2_Mobile_07-854x2048.jpg 854w, https:\/\/pfetech.com\/aqara\/wp-content\/uploads\/M2\/Hub-M2_Mobile_07-600x1438.jpg 600w\" data-sizes=\"(max-width: 1068px) 100vw, 1068px\" src=\"data:image\/svg+xml;base64,PHN2ZyB3aWR0aD0iMSIgaGVpZ2h0PSIxIiB4bWxucz0iaHR0cDovL3d3dy53My5vcmcvMjAwMC9zdmciPjwvc3ZnPg==\" style=\"--smush-placeholder-width: 1068px; --smush-placeholder-aspect-ratio: 1068\/2560;\" \/><\/figure>\n\n\n\n<figure class=\"wp-block-image alignwide size-full\"><img decoding=\"async\" width=\"1080\" height=\"1967\" data-src=\"https:\/\/pfetech.com\/aqara\/wp-content\/uploads\/M2\/Hub-M2_Mobile_08.jpg\" alt=\"\" class=\"wp-image-640 lazyload\" data-srcset=\"https:\/\/pfetech.com\/aqara\/wp-content\/uploads\/M2\/Hub-M2_Mobile_08.jpg 1080w, https:\/\/pfetech.com\/aqara\/wp-content\/uploads\/M2\/Hub-M2_Mobile_08-165x300.jpg 165w, https:\/\/pfetech.com\/aqara\/wp-content\/uploads\/M2\/Hub-M2_Mobile_08-562x1024.jpg 562w, https:\/\/pfetech.com\/aqara\/wp-content\/uploads\/M2\/Hub-M2_Mobile_08-768x1399.jpg 768w, https:\/\/pfetech.com\/aqara\/wp-content\/uploads\/M2\/Hub-M2_Mobile_08-843x1536.jpg 843w, https:\/\/pfetech.com\/aqara\/wp-content\/uploads\/M2\/Hub-M2_Mobile_08-600x1093.jpg 600w\" data-sizes=\"(max-width: 1080px) 100vw, 1080px\" src=\"data:image\/svg+xml;base64,PHN2ZyB3aWR0aD0iMSIgaGVpZ2h0PSIxIiB4bWxucz0iaHR0cDovL3d3dy53My5vcmcvMjAwMC9zdmciPjwvc3ZnPg==\" style=\"--smush-placeholder-width: 1080px; --smush-placeholder-aspect-ratio: 1080\/1967;\" \/><\/figure>\n\n\n\n<figure class=\"wp-block-image alignwide size-full\"><img decoding=\"async\" width=\"1080\" height=\"1831\" data-src=\"https:\/\/pfetech.com\/aqara\/wp-content\/uploads\/M2\/Hub-M2_Mobile_09.jpg\" alt=\"\" class=\"wp-image-645 lazyload\" data-srcset=\"https:\/\/pfetech.com\/aqara\/wp-content\/uploads\/M2\/Hub-M2_Mobile_09.jpg 1080w, https:\/\/pfetech.com\/aqara\/wp-content\/uploads\/M2\/Hub-M2_Mobile_09-177x300.jpg 177w, https:\/\/pfetech.com\/aqara\/wp-content\/uploads\/M2\/Hub-M2_Mobile_09-604x1024.jpg 604w, https:\/\/pfetech.com\/aqara\/wp-content\/uploads\/M2\/Hub-M2_Mobile_09-768x1302.jpg 768w, https:\/\/pfetech.com\/aqara\/wp-content\/uploads\/M2\/Hub-M2_Mobile_09-906x1536.jpg 906w, https:\/\/pfetech.com\/aqara\/wp-content\/uploads\/M2\/Hub-M2_Mobile_09-600x1017.jpg 600w\" data-sizes=\"(max-width: 1080px) 100vw, 1080px\" src=\"data:image\/svg+xml;base64,PHN2ZyB3aWR0aD0iMSIgaGVpZ2h0PSIxIiB4bWxucz0iaHR0cDovL3d3dy53My5vcmcvMjAwMC9zdmciPjwvc3ZnPg==\" style=\"--smush-placeholder-width: 1080px; --smush-placeholder-aspect-ratio: 1080\/1831;\" \/><\/figure>\n\n\n\n<div style=\"height:40px\" aria-hidden=\"true\" class=\"wp-block-spacer\"><\/div>\n\n\n\n<h3 class=\"wp-block-heading\">Specifications<\/h3>\n\n\n\n<p>Model: HM2-G01<br>Dimensions:\u03c6100.5\u00d730.75mm(\u03c63.95\u00d71.21 in.)<br>Input Power: 5V 1A or 5V 2A\u00a0<br>Wireless Protocol: Wi-Fi IEEE 802.11 b\/g \/n 2.4GHz, Zigbee3.0 IEEE 802.15.4, BLE 5.0\u00a0<br>Operating Temperature: -5\u00b0C~+50\u00b0C(23\u00b0F~122\u00b0F)<br>Operating Humidity: 0%-95%RH, no condensation<br>Support System: Android 6.0 or iOS 12.0 and above<br>Wi-Fi Operation Frequency: 2412-2472 MHz<br>Wi-Fi Maximum Output Power &lt; 20 dBm<br>Bluetooth Operation Frequency: 2402-2480 MHz<br>Bluetooth Maximum Output Power &lt; 13 dBm<br>Zigbee Operation Frequency: 2405-2480 MHz<br>Zigbee Maximum Output Power &lt; 13 dBm<br>What\u2019s in the Box: Hub M2 \u00d7 1, User Manual \u00d7 1, Micro USB to USB-A cable \u00d7 1.<\/p>\n","protected":false},"excerpt":{"rendered":"<div class=\"woocommerce-product-details__short-description\">Smart air-con and fan controller that also works as a smart home hub for other Aqara smart devices.<\/div>\n","protected":false},"featured_media":237,"template":"","meta":[],"product_brand":[],"product_cat":[31,22],"product_tag":[],"class_list":{"0":"post-119","1":"product","2":"type-product","3":"status-publish","4":"has-post-thumbnail","6":"product_cat-smart-aircon","7":"product_cat-hubs","8":"pa_color-blue","9":"sales-flash-overlay","10":"woocommerce-text-align-center","11":"woocommerce-image-align-center","12":"do-quantity-buttons","13":"wc-has-gallery","15":"first","16":"instock","17":"taxable","18":"shipping-taxable","19":"purchasable","20":"product-type-simple"},"_links":{"self":[{"href":"https:\/\/pfetech.com\/aqara\/wp-json\/wp\/v2\/product\/119","targetHints":{"allow":["GET"]}}],"collection":[{"href":"https:\/\/pfetech.com\/aqara\/wp-json\/wp\/v2\/product"}],"about":[{"href":"https:\/\/pfetech.com\/aqara\/wp-json\/wp\/v2\/types\/product"}],"wp:featuredmedia":[{"embeddable":true,"href":"https:\/\/pfetech.com\/aqara\/wp-json\/wp\/v2\/media\/237"}],"wp:attachment":[{"href":"https:\/\/pfetech.com\/aqara\/wp-json\/wp\/v2\/media?parent=119"}],"wp:term":[{"taxonomy":"product_brand","embeddable":true,"href":"https:\/\/pfetech.com\/aqara\/wp-json\/wp\/v2\/product_brand?post=119"},{"taxonomy":"product_cat","embeddable":true,"href":"https:\/\/pfetech.com\/aqara\/wp-json\/wp\/v2\/product_cat?post=119"},{"taxonomy":"product_tag","embeddable":true,"href":"https:\/\/pfetech.com\/aqara\/wp-json\/wp\/v2\/product_tag?post=119"}],"curies":[{"name":"wp","href":"https:\/\/api.w.org\/{rel}","templated":true}]}}