{"id":1015,"date":"2023-07-06T15:12:39","date_gmt":"2023-07-06T15:12:39","guid":{"rendered":"https:\/\/pfetech.com\/aqara\/?post_type=product&#038;p=1015"},"modified":"2023-07-20T01:15:15","modified_gmt":"2023-07-20T01:15:15","slug":"aqara-door-and-window-sensor-p2","status":"publish","type":"product","link":"https:\/\/pfetech.com\/aqara\/product\/aqara-door-and-window-sensor-p2\/","title":{"rendered":"Aqara Door and Window Sensor P2"},"content":{"rendered":"\n<p>Aqara Door and Window Sensor P2 not only incorporates all the advanced automation and security features Aqara* is known for, but also gives users the option to connect it directly &nbsp;to third-party Thread border routers, such as smart speakers, and use all the bene\ufb01ts of the Matter smart home standard.<\/p>\n\n\n\n<p style=\"font-size:15px\">*<em>Some features require Aqara border router, please check the description for more details.<\/em><br><em>* Does not have Zigbee connectivity \u2013 will NOT connect to any existing Aqara Zigbee Hubs (M2, M1S, G2H, G3, E1)<\/em><\/p>\n\n\n\n<ul class=\"wp-block-list\">\n<li><strong>Native Matter Support<\/strong><sup>1<\/sup>: Entering the Matter era, users no longer need to worry about di\ufb00erent ecological platforms and technical protocols, and only need a Matter app and Matter-compatible Thread Border Router. This means that connections across ecosystems and platforms become simpler and easier.<\/li>\n\n\n\n<li><strong>Open\/Closed Status Monitoring<\/strong>: Stay informed and secure with real-time noti\ufb01cations on your smartphone whenever the sensor detects activity. You&#8217;ll never miss a potential security threat and keep everything under control, whether you&#8217;re at home or away.<\/li>\n\n\n\n<li><strong>Local Home Automation<\/strong>: You can integrate the Door and Window Sensor P2 with your smart home ecosystem to enable advanced automations like adjusting thermostat settings or activating security cameras when a door or window is opened. Moreover, the automations are executed locally without cloud, which can protect the users&#8217; privacy and will keep working even if there is no internet connection.<\/li>\n\n\n\n<li><strong>Maximizing E\ufb03ciency with Voice Assistant<\/strong>: Aqara Door and Window Sensor P2 supports Apple Siri and Alexa. With these voice assistants, you can receive alerts about events such as door entries, or ask about whether a door is open, keeping you on top of things at home. This keeps daily tasks running smoothly and conveniently, allowing you to make the most of your time.<\/li>\n\n\n\n<li><strong>Easy Installation &amp; Maintenance<\/strong>: The compact and stickable design makes P2 easier to integrate into various home environments, and users can place it in a variety of places and scenarios. Thanks to the powerful CR123A<sup>2<\/sup>, users don&#8217;t have to worry about frequent battery replacement or maintenance.<\/li>\n\n\n\n<li><strong>Extra Features in Aqara Home app<\/strong><sup>3<\/sup>: The customizable settings through the Aqara Home app will be expanded with the launch of the Hub M3 in the near future. Users can \ufb01ne-tune the sensitivity of the sensor within a range of 1-3 cm and adjust the sleep time based on speci\ufb01c scenarios, and also utilize the programmable button to trigger various smart home automations. Additionally, the Tamper Alarm feature will send immediate alerts to your smartphone if the sensor is tampered with.<\/li>\n<\/ul>\n\n\n\n<p style=\"font-size:15px\"><sup>1<\/sup><em> To use the Door and Window Sensor P2 with a particular ecosystem, a compatible Thread Border Router and\/or Matter controller are required.<\/em><br><sup>2<\/sup><em> The battery life may vary depending on the border router and Matter app the sensor is connected to. For best results, Aqara border router is advised.<\/em><br><sup>3<\/sup> <em>To support Matter over Thread devices in Aqara Home app, the Hub M3 is required. And the Aqara M3 Hub is estimated to launch in Q4, 2023.<\/em><\/p>\n\n\n\n<figure class=\"wp-block-image alignwide size-full\"><img decoding=\"async\" width=\"1575\" height=\"1575\" data-src=\"https:\/\/pfetech.com\/aqara\/wp-content\/uploads\/2023\/07\/Aqara-Door-and-Window-Sensor-P2.jpg\" alt=\"\" class=\"wp-image-1049 lazyload\" data-srcset=\"https:\/\/pfetech.com\/aqara\/wp-content\/uploads\/2023\/07\/Aqara-Door-and-Window-Sensor-P2.jpg 1575w, https:\/\/pfetech.com\/aqara\/wp-content\/uploads\/2023\/07\/Aqara-Door-and-Window-Sensor-P2-300x300.jpg 300w, https:\/\/pfetech.com\/aqara\/wp-content\/uploads\/2023\/07\/Aqara-Door-and-Window-Sensor-P2-1024x1024.jpg 1024w, https:\/\/pfetech.com\/aqara\/wp-content\/uploads\/2023\/07\/Aqara-Door-and-Window-Sensor-P2-150x150.jpg 150w, https:\/\/pfetech.com\/aqara\/wp-content\/uploads\/2023\/07\/Aqara-Door-and-Window-Sensor-P2-768x768.jpg 768w, https:\/\/pfetech.com\/aqara\/wp-content\/uploads\/2023\/07\/Aqara-Door-and-Window-Sensor-P2-1536x1536.jpg 1536w, https:\/\/pfetech.com\/aqara\/wp-content\/uploads\/2023\/07\/Aqara-Door-and-Window-Sensor-P2-600x600.jpg 600w, https:\/\/pfetech.com\/aqara\/wp-content\/uploads\/2023\/07\/Aqara-Door-and-Window-Sensor-P2-100x100.jpg 100w\" data-sizes=\"(max-width: 1575px) 100vw, 1575px\" src=\"data:image\/svg+xml;base64,PHN2ZyB3aWR0aD0iMSIgaGVpZ2h0PSIxIiB4bWxucz0iaHR0cDovL3d3dy53My5vcmcvMjAwMC9zdmciPjwvc3ZnPg==\" style=\"--smush-placeholder-width: 1575px; --smush-placeholder-aspect-ratio: 1575\/1575;\" \/><\/figure>\n\n\n\n<p><\/p>\n\n\n\n<h3 class=\"wp-block-heading\"><strong>Specifications<\/strong><\/h3>\n\n\n\n<figure class=\"wp-block-table\"><table><tbody><tr><td>Product Name<\/td><td>Aqara Door and Window Sensor P2<\/td><\/tr><tr><td>Battery<\/td><td>CR123A<\/td><\/tr><tr><td>Model<\/td><td>DW-S02D<\/td><\/tr><tr><td>Wireless Protocols<\/td><td>Thread, BLE 5.0<\/td><\/tr><tr><td>Bluetooth Operation Frequency<\/td><td>2402-2480 MHz<\/td><\/tr><tr><td>Bluetooth Maximum Output Power<\/td><td>\u2264 13 dBm<\/td><\/tr><tr><td>Thread Operation Frequency<\/td><td>2405-2480 MHz<\/td><\/tr><tr><td>Thread Maximum Output Power<\/td><td>\u2264 13 dBm<\/td><\/tr><tr><td>Dimensions<\/td><td>77 \u00d7 22 \u00d7 22 mm (Sensor Main Unit) 36 \u00d7 11.5 \u00d7 7.3 mm (Sensor Accessory Unit)<\/td><\/tr><tr><td>Operating Temperature<\/td><td>-10 \u00b0C ~ 50 \u00b0C (14 \u00b0F ~ 122 \u00b0F)<\/td><\/tr><tr><td>Operating Humidity<\/td><td>0 ~ 95% RH, no condensation<\/td><\/tr><tr><td>What is in the Box<\/td><td>Sensor Main Unit \u00d7 1, Round Magnet \u00d7 1, Flat Magnet \u00d7 2, Sticker \u00d7 4, User Manual \u00d7 1<\/td><\/tr><\/tbody><\/table><\/figure>\n\n\n\n<p><\/p>\n\n\n\n<figure class=\"wp-block-image alignwide size-large\"><img decoding=\"async\" data-src=\"https:\/\/pfetech.com\/aqara\/wp-content\/uploads\/2023\/07\/Aqara-Door-and-Window-Sensor-P2-01-2.jpg\" alt=\"\" src=\"data:image\/svg+xml;base64,PHN2ZyB3aWR0aD0iMSIgaGVpZ2h0PSIxIiB4bWxucz0iaHR0cDovL3d3dy53My5vcmcvMjAwMC9zdmciPjwvc3ZnPg==\" class=\"lazyload\" style=\"--smush-placeholder-width: 1080px; --smush-placeholder-aspect-ratio: 1080\/2667;\" \/><\/figure>\n\n\n\n<figure class=\"wp-block-image alignwide size-full\"><img decoding=\"async\" width=\"1080\" height=\"1992\" data-src=\"https:\/\/pfetech.com\/aqara\/wp-content\/uploads\/2023\/07\/Aqara-Door-and-Window-Sensor-P2-02-2.jpg\" alt=\"\" class=\"wp-image-1047 lazyload\" data-srcset=\"https:\/\/pfetech.com\/aqara\/wp-content\/uploads\/2023\/07\/Aqara-Door-and-Window-Sensor-P2-02-2.jpg 1080w, https:\/\/pfetech.com\/aqara\/wp-content\/uploads\/2023\/07\/Aqara-Door-and-Window-Sensor-P2-02-2-163x300.jpg 163w, https:\/\/pfetech.com\/aqara\/wp-content\/uploads\/2023\/07\/Aqara-Door-and-Window-Sensor-P2-02-2-555x1024.jpg 555w, https:\/\/pfetech.com\/aqara\/wp-content\/uploads\/2023\/07\/Aqara-Door-and-Window-Sensor-P2-02-2-768x1417.jpg 768w, https:\/\/pfetech.com\/aqara\/wp-content\/uploads\/2023\/07\/Aqara-Door-and-Window-Sensor-P2-02-2-833x1536.jpg 833w, https:\/\/pfetech.com\/aqara\/wp-content\/uploads\/2023\/07\/Aqara-Door-and-Window-Sensor-P2-02-2-600x1107.jpg 600w\" data-sizes=\"(max-width: 1080px) 100vw, 1080px\" src=\"data:image\/svg+xml;base64,PHN2ZyB3aWR0aD0iMSIgaGVpZ2h0PSIxIiB4bWxucz0iaHR0cDovL3d3dy53My5vcmcvMjAwMC9zdmciPjwvc3ZnPg==\" style=\"--smush-placeholder-width: 1080px; --smush-placeholder-aspect-ratio: 1080\/1992;\" \/><\/figure>\n\n\n\n<figure class=\"wp-block-image alignwide size-full\"><img decoding=\"async\" width=\"1080\" height=\"2195\" data-src=\"https:\/\/pfetech.com\/aqara\/wp-content\/uploads\/2023\/07\/Aqara-Door-and-Window-Sensor-P2-03-2.jpg\" alt=\"\" class=\"wp-image-1048 lazyload\" data-srcset=\"https:\/\/pfetech.com\/aqara\/wp-content\/uploads\/2023\/07\/Aqara-Door-and-Window-Sensor-P2-03-2.jpg 1080w, https:\/\/pfetech.com\/aqara\/wp-content\/uploads\/2023\/07\/Aqara-Door-and-Window-Sensor-P2-03-2-148x300.jpg 148w, https:\/\/pfetech.com\/aqara\/wp-content\/uploads\/2023\/07\/Aqara-Door-and-Window-Sensor-P2-03-2-504x1024.jpg 504w, https:\/\/pfetech.com\/aqara\/wp-content\/uploads\/2023\/07\/Aqara-Door-and-Window-Sensor-P2-03-2-768x1561.jpg 768w, https:\/\/pfetech.com\/aqara\/wp-content\/uploads\/2023\/07\/Aqara-Door-and-Window-Sensor-P2-03-2-756x1536.jpg 756w, https:\/\/pfetech.com\/aqara\/wp-content\/uploads\/2023\/07\/Aqara-Door-and-Window-Sensor-P2-03-2-1008x2048.jpg 1008w, https:\/\/pfetech.com\/aqara\/wp-content\/uploads\/2023\/07\/Aqara-Door-and-Window-Sensor-P2-03-2-600x1219.jpg 600w\" data-sizes=\"(max-width: 1080px) 100vw, 1080px\" src=\"data:image\/svg+xml;base64,PHN2ZyB3aWR0aD0iMSIgaGVpZ2h0PSIxIiB4bWxucz0iaHR0cDovL3d3dy53My5vcmcvMjAwMC9zdmciPjwvc3ZnPg==\" style=\"--smush-placeholder-width: 1080px; --smush-placeholder-aspect-ratio: 1080\/2195;\" \/><\/figure>\n\n\n\n<figure class=\"wp-block-image alignwide size-large\"><img decoding=\"async\" data-src=\"https:\/\/pfetech.com\/aqara\/wp-content\/uploads\/2023\/07\/Aqara-Door-and-Window-Sensor-P2-04-2.jpg\" alt=\"\" src=\"data:image\/svg+xml;base64,PHN2ZyB3aWR0aD0iMSIgaGVpZ2h0PSIxIiB4bWxucz0iaHR0cDovL3d3dy53My5vcmcvMjAwMC9zdmciPjwvc3ZnPg==\" class=\"lazyload\" style=\"--smush-placeholder-width: 1080px; --smush-placeholder-aspect-ratio: 1080\/3172;\" \/><\/figure>\n\n\n\n<figure class=\"wp-block-image alignwide size-large\"><img decoding=\"async\" data-src=\"https:\/\/pfetech.com\/aqara\/wp-content\/uploads\/2023\/07\/Aqara-Door-and-Window-Sensor-P2-05-2.jpg\" alt=\"\" src=\"data:image\/svg+xml;base64,PHN2ZyB3aWR0aD0iMSIgaGVpZ2h0PSIxIiB4bWxucz0iaHR0cDovL3d3dy53My5vcmcvMjAwMC9zdmciPjwvc3ZnPg==\" class=\"lazyload\" style=\"--smush-placeholder-width: 1080px; --smush-placeholder-aspect-ratio: 1080\/3064;\" \/><\/figure>\n\n\n\n<figure class=\"wp-block-image alignwide size-large\"><img decoding=\"async\" data-src=\"https:\/\/pfetech.com\/aqara\/wp-content\/uploads\/2023\/07\/Aqara-Door-and-Window-Sensor-P2-06-2.jpg\" alt=\"\" src=\"data:image\/svg+xml;base64,PHN2ZyB3aWR0aD0iMSIgaGVpZ2h0PSIxIiB4bWxucz0iaHR0cDovL3d3dy53My5vcmcvMjAwMC9zdmciPjwvc3ZnPg==\" class=\"lazyload\" style=\"--smush-placeholder-width: 1080px; --smush-placeholder-aspect-ratio: 1080\/2705;\" \/><\/figure>\n\n\n\n<figure class=\"wp-block-image alignwide size-large\"><img decoding=\"async\" data-src=\"https:\/\/pfetech.com\/aqara\/wp-content\/uploads\/2023\/07\/Aqara-Door-and-Window-Sensor-P2-07-2.jpg\" alt=\"\" src=\"data:image\/svg+xml;base64,PHN2ZyB3aWR0aD0iMSIgaGVpZ2h0PSIxIiB4bWxucz0iaHR0cDovL3d3dy53My5vcmcvMjAwMC9zdmciPjwvc3ZnPg==\" class=\"lazyload\" style=\"--smush-placeholder-width: 1080px; --smush-placeholder-aspect-ratio: 1080\/2683;\" \/><\/figure>\n\n\n\n<figure class=\"wp-block-image alignwide size-large\"><img decoding=\"async\" data-src=\"https:\/\/pfetech.com\/aqara\/wp-content\/uploads\/2023\/07\/Aqara-Door-and-Window-Sensor-P2-08-2.jpg\" alt=\"\" src=\"data:image\/svg+xml;base64,PHN2ZyB3aWR0aD0iMSIgaGVpZ2h0PSIxIiB4bWxucz0iaHR0cDovL3d3dy53My5vcmcvMjAwMC9zdmciPjwvc3ZnPg==\" class=\"lazyload\" style=\"--smush-placeholder-width: 1080px; --smush-placeholder-aspect-ratio: 1080\/2671;\" \/><\/figure>\n\n\n\n<figure class=\"wp-block-image alignwide size-large\"><img decoding=\"async\" data-src=\"https:\/\/pfetech.com\/aqara\/wp-content\/uploads\/2023\/07\/Aqara-Door-and-Window-Sensor-P2-09-2.jpg\" alt=\"\" src=\"data:image\/svg+xml;base64,PHN2ZyB3aWR0aD0iMSIgaGVpZ2h0PSIxIiB4bWxucz0iaHR0cDovL3d3dy53My5vcmcvMjAwMC9zdmciPjwvc3ZnPg==\" class=\"lazyload\" style=\"--smush-placeholder-width: 1080px; --smush-placeholder-aspect-ratio: 1080\/2629;\" \/><\/figure>\n\n\n\n<figure class=\"wp-block-image alignwide size-large\"><img decoding=\"async\" data-src=\"https:\/\/pfetech.com\/aqara\/wp-content\/uploads\/2023\/07\/Aqara-Door-and-Window-Sensor-P2-10-2.jpg\" alt=\"\" src=\"data:image\/svg+xml;base64,PHN2ZyB3aWR0aD0iMSIgaGVpZ2h0PSIxIiB4bWxucz0iaHR0cDovL3d3dy53My5vcmcvMjAwMC9zdmciPjwvc3ZnPg==\" class=\"lazyload\" style=\"--smush-placeholder-width: 1080px; --smush-placeholder-aspect-ratio: 1080\/2716;\" \/><\/figure>\n\n\n\n<figure class=\"wp-block-image alignwide size-large\"><img decoding=\"async\" data-src=\"https:\/\/pfetech.com\/aqara\/wp-content\/uploads\/2023\/07\/Aqara-Door-and-Window-Sensor-P2-11-2.jpg\" alt=\"\" src=\"data:image\/svg+xml;base64,PHN2ZyB3aWR0aD0iMSIgaGVpZ2h0PSIxIiB4bWxucz0iaHR0cDovL3d3dy53My5vcmcvMjAwMC9zdmciPjwvc3ZnPg==\" class=\"lazyload\" style=\"--smush-placeholder-width: 1080px; --smush-placeholder-aspect-ratio: 1080\/3121;\" \/><\/figure>\n","protected":false},"excerpt":{"rendered":"<div class=\"woocommerce-product-details__short-description\">\n<p>A Matter-compatible contact sensor based on Thread to detect the opened \/ closed state of doors and windows.<\/p>\n<\/div>\n","protected":false},"featured_media":1050,"template":"","meta":[],"product_brand":[],"product_cat":[28],"product_tag":[],"class_list":{"0":"post-1015","1":"product","2":"type-product","3":"status-publish","4":"has-post-thumbnail","6":"product_cat-sensors","7":"sales-flash-overlay","8":"woocommerce-text-align-center","9":"woocommerce-image-align-center","10":"do-quantity-buttons","11":"wc-has-gallery","13":"first","14":"instock","15":"taxable","16":"shipping-taxable","17":"purchasable","18":"product-type-simple"},"_links":{"self":[{"href":"https:\/\/pfetech.com\/aqara\/wp-json\/wp\/v2\/product\/1015","targetHints":{"allow":["GET"]}}],"collection":[{"href":"https:\/\/pfetech.com\/aqara\/wp-json\/wp\/v2\/product"}],"about":[{"href":"https:\/\/pfetech.com\/aqara\/wp-json\/wp\/v2\/types\/product"}],"wp:featuredmedia":[{"embeddable":true,"href":"https:\/\/pfetech.com\/aqara\/wp-json\/wp\/v2\/media\/1050"}],"wp:attachment":[{"href":"https:\/\/pfetech.com\/aqara\/wp-json\/wp\/v2\/media?parent=1015"}],"wp:term":[{"taxonomy":"product_brand","embeddable":true,"href":"https:\/\/pfetech.com\/aqara\/wp-json\/wp\/v2\/product_brand?post=1015"},{"taxonomy":"product_cat","embeddable":true,"href":"https:\/\/pfetech.com\/aqara\/wp-json\/wp\/v2\/product_cat?post=1015"},{"taxonomy":"product_tag","embeddable":true,"href":"https:\/\/pfetech.com\/aqara\/wp-json\/wp\/v2\/product_tag?post=1015"}],"curies":[{"name":"wp","href":"https:\/\/api.w.org\/{rel}","templated":true}]}}